{"id":359,"date":"2022-10-28T14:07:20","date_gmt":"2022-10-28T14:07:20","guid":{"rendered":"https:\/\/startersites.io\/elementor\/restaurant\/?page_id=359"},"modified":"2026-04-16T17:56:13","modified_gmt":"2026-04-16T16:56:13","slug":"de-menu","status":"publish","type":"page","link":"https:\/\/cafebar76.com\/de\/de-menu\/","title":{"rendered":"Menu"},"content":{"rendered":"\t\t<div data-elementor-type=\"wp-page\" data-elementor-id=\"359\" class=\"elementor elementor-359\">\n\t\t\t\t<div class=\"elementor-element elementor-element-3cfffce e-flex e-con-boxed e-con e-parent\" data-id=\"3cfffce\" data-element_type=\"container\" data-e-type=\"container\" data-settings=\"{&quot;background_background&quot;:&quot;classic&quot;}\">\n\t\t\t\t\t<div class=\"e-con-inner\">\n\t\t\t\t<div class=\"elementor-element elementor-element-8cfe25c elementor-widget elementor-widget-heading\" data-id=\"8cfe25c\" data-element_type=\"widget\" data-e-type=\"widget\" data-widget_type=\"heading.default\">\n\t\t\t\t\t<h2 class=\"elementor-heading-title elementor-size-default\">Menu<\/h2>\t\t\t\t<\/div>\n\t\t\t\t<div class=\"elementor-element elementor-element-e1f508a elementor-widget elementor-widget-text-editor\" data-id=\"e1f508a\" data-element_type=\"widget\" data-e-type=\"widget\" data-widget_type=\"text-editor.default\">\n\t\t\t\t\t\t\t\t\t<p>From fresh breakfast dishes and specialty coffee to creative cocktails, our menu has something for every moment of the day. Sit back, relax, and enjoy great flavors in a welcoming atmosphere.<\/p>\t\t\t\t\t\t\t\t<\/div>\n\t\t\t\t\t<\/div>\n\t\t\t\t<\/div>\n\t\t<div class=\"elementor-element elementor-element-3e8d69f e-flex e-con-boxed e-con e-parent\" data-id=\"3e8d69f\" data-element_type=\"container\" data-e-type=\"container\">\n\t\t\t\t\t<div class=\"e-con-inner\">\n\t\t\t\t<div class=\"elementor-element elementor-element-94739cb elementor-widget elementor-widget-heading\" data-id=\"94739cb\" data-element_type=\"widget\" data-e-type=\"widget\" data-widget_type=\"heading.default\">\n\t\t\t\t\t<h2 class=\"elementor-heading-title elementor-size-default\">Where Every Visit Brings a New Flavor to Discover<\/h2>\t\t\t\t<\/div>\n\t\t\t\t<div class=\"elementor-element elementor-element-cd8bed3 elementor-widget elementor-widget-text-editor\" data-id=\"cd8bed3\" data-element_type=\"widget\" data-e-type=\"widget\" data-widget_type=\"text-editor.default\">\n\t\t\t\t\t\t\t\t\t<p>Step in and explore a world of tastes, from fresh coffee in the morning to creative cocktails at night. Every visit brings something new to enjoy, making each moment here a little more memorable.<\/p>\t\t\t\t\t\t\t\t<\/div>\n\t\t\t\t\t<\/div>\n\t\t\t\t<\/div>\n\t\t<div class=\"elementor-element elementor-element-0390bc2 e-flex e-con-boxed e-con e-parent\" data-id=\"0390bc2\" data-element_type=\"container\" data-e-type=\"container\">\n\t\t\t\t\t<div class=\"e-con-inner\">\n\t\t<div class=\"elementor-element elementor-element-b9bf3f4 e-con-full e-flex e-con e-child\" data-id=\"b9bf3f4\" data-element_type=\"container\" data-e-type=\"container\">\n\t\t\t\t<div class=\"elementor-element elementor-element-d6c6576 elementor-widget elementor-widget-image\" data-id=\"d6c6576\" data-element_type=\"widget\" data-e-type=\"widget\" data-widget_type=\"image.default\">\n\t\t\t\t\t\t\t\t\t\t\t\t\t\t\t<img fetchpriority=\"high\" decoding=\"async\" width=\"553\" height=\"788\" src=\"https:\/\/cafebar76.com\/wp-content\/uploads\/2026\/03\/Breakfast.png\" class=\"attachment-large size-large wp-image-1049\" alt=\"\" srcset=\"https:\/\/cafebar76.com\/wp-content\/uploads\/2026\/03\/Breakfast.png 553w, https:\/\/cafebar76.com\/wp-content\/uploads\/2026\/03\/Breakfast-211x300.png 211w\" sizes=\"(max-width: 553px) 100vw, 553px\" \/>\t\t\t\t\t\t\t\t\t\t\t\t\t\t\t<\/div>\n\t\t\t\t<\/div>\n\t\t<div class=\"elementor-element elementor-element-d11142b e-con-full e-flex e-con e-child\" data-id=\"d11142b\" data-element_type=\"container\" data-e-type=\"container\">\n\t\t\t\t<div class=\"elementor-element elementor-element-f7cbd63 elementor-widget elementor-widget-image\" data-id=\"f7cbd63\" data-element_type=\"widget\" data-e-type=\"widget\" data-widget_type=\"image.default\">\n\t\t\t\t\t\t\t\t\t\t\t\t\t\t\t<img decoding=\"async\" width=\"557\" height=\"785\" src=\"https:\/\/cafebar76.com\/wp-content\/uploads\/2026\/03\/Drinks.png\" class=\"attachment-large size-large wp-image-1051\" alt=\"\" srcset=\"https:\/\/cafebar76.com\/wp-content\/uploads\/2026\/03\/Drinks.png 557w, https:\/\/cafebar76.com\/wp-content\/uploads\/2026\/03\/Drinks-213x300.png 213w\" sizes=\"(max-width: 557px) 100vw, 557px\" \/>\t\t\t\t\t\t\t\t\t\t\t\t\t\t\t<\/div>\n\t\t\t\t<\/div>\n\t\t\t\t\t<\/div>\n\t\t\t\t<\/div>\n\t\t\t\t<\/div>\n\t\t","protected":false},"excerpt":{"rendered":"<p>Menu From fresh breakfast dishes and specialty coffee to creative cocktails, our menu has something for every moment of the day. Sit back, relax, and enjoy great flavors in a welcoming atmosphere. Where Every Visit Brings a New Flavor to Discover Step in and explore a world of tastes, from fresh coffee in the morning [&hellip;]<\/p>\n","protected":false},"author":1,"featured_media":0,"parent":0,"menu_order":0,"comment_status":"closed","ping_status":"closed","template":"","meta":{"footnotes":""},"class_list":["post-359","page","type-page","status-publish","hentry"],"blocksy_meta":{"page_title_panel":"","has_hero_section":"disabled","4b47a4630ec4b6c88cce956dd1856bf7":"","hero_section":"type-1","hero_elements":[{"id":"custom_title","enabled":true,"heading_tag":"h1","title":"Home"},{"id":"custom_description","enabled":true,"description_visibility":{"desktop":true,"tablet":true,"mobile":false}},{"id":"custom_meta","enabled":false,"meta_elements":[{"id":"author","enabled":true,"label":"By","has_author_avatar":"yes","avatar_size":25},{"id":"post_date","enabled":true,"label":"On","date_format_source":"default","date_format":"M j, Y"},{"id":"updated_date","enabled":false,"label":"On","date_format_source":"default","date_format":"M j, Y"},{"id":"categories","enabled":false,"label":"In","style":"simple"},{"id":"comments","enabled":true}],"page_meta_elements":{"joined":true,"articles_count":true,"comments":true}},{"id":"breadcrumbs","enabled":false}],"dfdb3f0552b855bdce45a8cf90142e20":"","hero_alignment1":"CT_CSS_SKIP_RULE","hero_margin":40,"hero_alignment2":"center","hero_vertical_alignment":"center","7fe615968ee3553984e79f0eecbad930":"","hero_structure":"narrow","dc57ae0789ce9ee7622a7d22f0268aad":"","page_title_bg_type":"featured_image","custom_hero_background":{"attachment_id":null},"page_title_image_size":"full","parallax":{"desktop":false,"tablet":false,"mobile":false},"45ca69c4de159a5171d0590eafb4ba50":"","hero_height":"250px","pageTitleFont":{"family":"Default","variation":"Default","size":"30px","line-height":"CT_CSS_SKIP_RULE","letter-spacing":"CT_CSS_SKIP_RULE","text-transform":"CT_CSS_SKIP_RULE","text-decoration":"CT_CSS_SKIP_RULE"},"pageTitleFontColor":{"default":{"color":"CT_CSS_SKIP_RULEDEFAULT"}},"pageMetaFont":{"family":"Default","variation":"n6","size":"12px","line-height":"1.3","letter-spacing":"CT_CSS_SKIP_RULE","text-transform":"uppercase","text-decoration":"CT_CSS_SKIP_RULE"},"pageMetaFontColor":{"default":{"color":"CT_CSS_SKIP_RULEDEFAULT"},"hover":{"color":"CT_CSS_SKIP_RULEDEFAULT"}},"page_meta_button_type_font_colors":{"default":{"color":"CT_CSS_SKIP_RULEDEFAULT"},"hover":{"color":"CT_CSS_SKIP_RULEDEFAULT"}},"page_meta_button_type_background_colors":{"default":{"color":"CT_CSS_SKIP_RULEDEFAULT"},"hover":{"color":"CT_CSS_SKIP_RULEDEFAULT"}},"pageExcerptFont":{"family":"Default","variation":"Default","size":"CT_CSS_SKIP_RULE","line-height":"CT_CSS_SKIP_RULE","letter-spacing":"CT_CSS_SKIP_RULE","text-transform":"CT_CSS_SKIP_RULE","text-decoration":"CT_CSS_SKIP_RULE"},"pageExcerptColor":{"default":{"color":"CT_CSS_SKIP_RULEDEFAULT"}},"breadcrumbsFont":{"family":"Default","variation":"Default","size":"CT_CSS_SKIP_RULE","line-height":"CT_CSS_SKIP_RULE","letter-spacing":"CT_CSS_SKIP_RULE","text-transform":"CT_CSS_SKIP_RULE","text-decoration":"CT_CSS_SKIP_RULE"},"breadcrumbsFontColor":{"default":{"color":"CT_CSS_SKIP_RULEDEFAULT"},"initial":{"color":"CT_CSS_SKIP_RULEDEFAULT"},"hover":{"color":"CT_CSS_SKIP_RULEDEFAULT"}},"pageTitleOverlay":{"background_type":"color","background_pattern":"type-1","background_image":{"attachment_id":null,"x":0,"y":0},"gradient":"linear-gradient(135deg,rgba(6,147,227,1) 0%,rgb(155,81,224) 100%)","background_repeat":"repeat","background_size":"auto","background_attachment":"scroll","patternColor":{"default":{"color":"#e5e7ea"}},"overlayColor":{"default":{"color":"CT_CSS_SKIP_RULE"}},"backgroundColor":{"default":{"color":"CT_CSS_SKIP_RULE"}}},"pageTitleBackground":{"background_type":"color","background_pattern":"type-1","background_image":{"attachment_id":null,"x":0,"y":0},"gradient":"linear-gradient(135deg,rgba(6,147,227,1) 0%,rgb(155,81,224) 100%)","background_repeat":"repeat","background_size":"auto","background_attachment":"scroll","patternColor":{"default":{"color":"#e5e7ea"}},"overlayColor":{"default":{"color":"CT_CSS_SKIP_RULE"}},"backgroundColor":{"default":{"color":"var(--theme-palette-color-6)"}}},"pageTitlePadding":{"top":"50px","bottom":"50px","left":"auto","right":"auto","linked":true},"aa2fdba4d4afc61efd9e03bb28665988":"","page_structure_type":"default","19ea7d776b65f60b723e3a43cf795eb3":"","content_style_source":"inherit","content_style":"wide","vertical_spacing_source":"custom","content_area_spacing":"none","background":{"background_type":"color","background_pattern":"type-1","background_image":{"attachment_id":null,"x":0,"y":0},"gradient":"linear-gradient(135deg,rgba(6,147,227,1) 0%,rgb(155,81,224) 100%)","background_repeat":"repeat","background_size":"auto","background_attachment":"scroll","patternColor":{"default":{"color":"#e5e7ea"}},"overlayColor":{"default":{"color":"CT_CSS_SKIP_RULE"}},"backgroundColor":{"default":{"color":"CT_CSS_SKIP_RULE"}}},"content_background":{"background_type":"color","background_pattern":"type-1","background_image":{"attachment_id":null,"x":0,"y":0},"gradient":"linear-gradient(135deg,rgba(6,147,227,1) 0%,rgb(155,81,224) 100%)","background_repeat":"repeat","background_size":"auto","background_attachment":"scroll","patternColor":{"default":{"color":"#e5e7ea"}},"overlayColor":{"default":{"color":"CT_CSS_SKIP_RULE"}},"backgroundColor":{"default":{"color":"var(--theme-palette-color-8)"}}},"content_boxed_shadow":{"inherit":false,"blur":18,"spread":-6,"v_offset":12,"h_offset":0,"inset":false,"enable":true,"color":{"color":"rgba(34, 56, 101, 0.04)"}},"content_boxed_border":{"width":1,"style":"none","color":{"color":"rgba(44,62,80,0.2)"}},"content_boxed_radius":{"top":"3px","bottom":"3px","left":"3px","right":"3px","linked":true},"boxed_content_spacing":{"desktop":{"top":"40px","bottom":"40px","left":"40px","right":"40px","linked":true},"tablet":{"top":"35px","bottom":"35px","left":"35px","right":"35px","linked":true},"mobile":{"top":"20px","bottom":"20px","left":"20px","right":"20px","linked":true}},"6999d402ff69afd67a735aea923a9900":"","disable_featured_image":"no","disable_share_box":"no","disable_header":"no","disable_footer":"no","styles_descriptor":{"styles":{"desktop":"","tablet":"","mobile":""},"google_fonts":[],"version":6}},"yoast_head":"<!-- This site is optimized with the Yoast SEO plugin v27.4 - https:\/\/yoast.com\/product\/yoast-seo-wordpress\/ -->\n<title>Speisekarte \u2013 Caf\u00e9 &amp; Bar 76 K\u00f6ln | Fr\u00fchst\u00fcck, Kaffee &amp; Drinks<\/title>\n<meta name=\"description\" content=\"Entdecke die Speisekarte von Caf\u00e9 &amp; Bar 76 in K\u00f6ln: Fr\u00fchst\u00fcck, Kaffee, Drinks und Cocktails.\" \/>\n<meta name=\"robots\" content=\"index, follow, max-snippet:-1, max-image-preview:large, max-video-preview:-1\" \/>\n<link rel=\"canonical\" href=\"https:\/\/cafebar76.com\/de\/de-menu\/\" \/>\n<meta property=\"og:locale\" content=\"en_US\" \/>\n<meta property=\"og:type\" content=\"article\" \/>\n<meta property=\"og:title\" content=\"Speisekarte \u2013 Caf\u00e9 &amp; Bar 76 K\u00f6ln | Fr\u00fchst\u00fcck, Kaffee &amp; Drinks\" \/>\n<meta property=\"og:description\" content=\"Entdecke die Speisekarte von Caf\u00e9 &amp; Bar 76 in K\u00f6ln: Fr\u00fchst\u00fcck, Kaffee, Drinks und Cocktails.\" \/>\n<meta property=\"og:url\" content=\"https:\/\/cafebar76.com\/de\/de-menu\/\" \/>\n<meta property=\"og:site_name\" content=\"Cafe &amp; Bar 76\" \/>\n<meta property=\"article:modified_time\" content=\"2026-04-16T16:56:13+00:00\" \/>\n<meta property=\"og:image\" content=\"https:\/\/cafebar76.com\/wp-content\/uploads\/2026\/03\/Breakfast.png\" \/>\n<meta name=\"twitter:card\" content=\"summary_large_image\" \/>\n<meta name=\"twitter:label1\" content=\"Est. reading time\" \/>\n\t<meta name=\"twitter:data1\" content=\"1 minute\" \/>\n<script type=\"application\/ld+json\" class=\"yoast-schema-graph\">{\"@context\":\"https:\\\/\\\/schema.org\",\"@graph\":[{\"@type\":\"WebPage\",\"@id\":\"https:\\\/\\\/cafebar76.com\\\/de\\\/de-menu\\\/\",\"url\":\"https:\\\/\\\/cafebar76.com\\\/de\\\/de-menu\\\/\",\"name\":\"Speisekarte \u2013 Caf\u00e9 & Bar 76 K\u00f6ln | Fr\u00fchst\u00fcck, Kaffee & Drinks\",\"isPartOf\":{\"@id\":\"https:\\\/\\\/cafebar76.com\\\/de\\\/#website\"},\"primaryImageOfPage\":{\"@id\":\"https:\\\/\\\/cafebar76.com\\\/de\\\/de-menu\\\/#primaryimage\"},\"image\":{\"@id\":\"https:\\\/\\\/cafebar76.com\\\/de\\\/de-menu\\\/#primaryimage\"},\"thumbnailUrl\":\"https:\\\/\\\/cafebar76.com\\\/wp-content\\\/uploads\\\/2026\\\/03\\\/Breakfast.png\",\"datePublished\":\"2022-10-28T14:07:20+00:00\",\"dateModified\":\"2026-04-16T16:56:13+00:00\",\"description\":\"Entdecke die Speisekarte von Caf\u00e9 & Bar 76 in K\u00f6ln: Fr\u00fchst\u00fcck, Kaffee, Drinks und Cocktails.\",\"breadcrumb\":{\"@id\":\"https:\\\/\\\/cafebar76.com\\\/de\\\/de-menu\\\/#breadcrumb\"},\"inLanguage\":\"en-US\",\"potentialAction\":[{\"@type\":\"ReadAction\",\"target\":[\"https:\\\/\\\/cafebar76.com\\\/de\\\/de-menu\\\/\"]}]},{\"@type\":\"ImageObject\",\"inLanguage\":\"en-US\",\"@id\":\"https:\\\/\\\/cafebar76.com\\\/de\\\/de-menu\\\/#primaryimage\",\"url\":\"https:\\\/\\\/cafebar76.com\\\/wp-content\\\/uploads\\\/2026\\\/03\\\/Breakfast.png\",\"contentUrl\":\"https:\\\/\\\/cafebar76.com\\\/wp-content\\\/uploads\\\/2026\\\/03\\\/Breakfast.png\"},{\"@type\":\"BreadcrumbList\",\"@id\":\"https:\\\/\\\/cafebar76.com\\\/de\\\/de-menu\\\/#breadcrumb\",\"itemListElement\":[{\"@type\":\"ListItem\",\"position\":1,\"name\":\"Home\",\"item\":\"https:\\\/\\\/cafebar76.com\\\/de\\\/\"},{\"@type\":\"ListItem\",\"position\":2,\"name\":\"Menu\"}]},{\"@type\":\"WebSite\",\"@id\":\"https:\\\/\\\/cafebar76.com\\\/de\\\/#website\",\"url\":\"https:\\\/\\\/cafebar76.com\\\/de\\\/\",\"name\":\"Cafe & Bar 76\",\"description\":\"ESt. 2014\",\"publisher\":{\"@id\":\"https:\\\/\\\/cafebar76.com\\\/de\\\/#organization\"},\"potentialAction\":[{\"@type\":\"SearchAction\",\"target\":{\"@type\":\"EntryPoint\",\"urlTemplate\":\"https:\\\/\\\/cafebar76.com\\\/de\\\/?s={search_term_string}\"},\"query-input\":{\"@type\":\"PropertyValueSpecification\",\"valueRequired\":true,\"valueName\":\"search_term_string\"}}],\"inLanguage\":\"en-US\"},{\"@type\":\"Organization\",\"@id\":\"https:\\\/\\\/cafebar76.com\\\/de\\\/#organization\",\"name\":\"Cafe & Bar 76\",\"url\":\"https:\\\/\\\/cafebar76.com\\\/de\\\/\",\"logo\":{\"@type\":\"ImageObject\",\"inLanguage\":\"en-US\",\"@id\":\"https:\\\/\\\/cafebar76.com\\\/de\\\/#\\\/schema\\\/logo\\\/image\\\/\",\"url\":\"https:\\\/\\\/cafebar76.com\\\/wp-content\\\/uploads\\\/2026\\\/03\\\/cropped-logo.png\",\"contentUrl\":\"https:\\\/\\\/cafebar76.com\\\/wp-content\\\/uploads\\\/2026\\\/03\\\/cropped-logo.png\",\"width\":512,\"height\":512,\"caption\":\"Cafe & Bar 76\"},\"image\":{\"@id\":\"https:\\\/\\\/cafebar76.com\\\/de\\\/#\\\/schema\\\/logo\\\/image\\\/\"},\"sameAs\":[\"https:\\\/\\\/www.instagram.com\\\/cafe_bar_seventysix\\\/\"]}]}<\/script>\n<!-- \/ Yoast SEO plugin. -->","yoast_head_json":{"title":"Speisekarte \u2013 Caf\u00e9 & Bar 76 K\u00f6ln | Fr\u00fchst\u00fcck, Kaffee & Drinks","description":"Entdecke die Speisekarte von Caf\u00e9 & Bar 76 in K\u00f6ln: Fr\u00fchst\u00fcck, Kaffee, Drinks und Cocktails.","robots":{"index":"index","follow":"follow","max-snippet":"max-snippet:-1","max-image-preview":"max-image-preview:large","max-video-preview":"max-video-preview:-1"},"canonical":"https:\/\/cafebar76.com\/de\/de-menu\/","og_locale":"en_US","og_type":"article","og_title":"Speisekarte \u2013 Caf\u00e9 & Bar 76 K\u00f6ln | Fr\u00fchst\u00fcck, Kaffee & Drinks","og_description":"Entdecke die Speisekarte von Caf\u00e9 & Bar 76 in K\u00f6ln: Fr\u00fchst\u00fcck, Kaffee, Drinks und Cocktails.","og_url":"https:\/\/cafebar76.com\/de\/de-menu\/","og_site_name":"Cafe &amp; Bar 76","article_modified_time":"2026-04-16T16:56:13+00:00","og_image":[{"url":"https:\/\/cafebar76.com\/wp-content\/uploads\/2026\/03\/Breakfast.png","type":"","width":"","height":""}],"twitter_card":"summary_large_image","twitter_misc":{"Est. reading time":"1 minute"},"schema":{"@context":"https:\/\/schema.org","@graph":[{"@type":"WebPage","@id":"https:\/\/cafebar76.com\/de\/de-menu\/","url":"https:\/\/cafebar76.com\/de\/de-menu\/","name":"Speisekarte \u2013 Caf\u00e9 & Bar 76 K\u00f6ln | Fr\u00fchst\u00fcck, Kaffee & Drinks","isPartOf":{"@id":"https:\/\/cafebar76.com\/de\/#website"},"primaryImageOfPage":{"@id":"https:\/\/cafebar76.com\/de\/de-menu\/#primaryimage"},"image":{"@id":"https:\/\/cafebar76.com\/de\/de-menu\/#primaryimage"},"thumbnailUrl":"https:\/\/cafebar76.com\/wp-content\/uploads\/2026\/03\/Breakfast.png","datePublished":"2022-10-28T14:07:20+00:00","dateModified":"2026-04-16T16:56:13+00:00","description":"Entdecke die Speisekarte von Caf\u00e9 & Bar 76 in K\u00f6ln: Fr\u00fchst\u00fcck, Kaffee, Drinks und Cocktails.","breadcrumb":{"@id":"https:\/\/cafebar76.com\/de\/de-menu\/#breadcrumb"},"inLanguage":"en-US","potentialAction":[{"@type":"ReadAction","target":["https:\/\/cafebar76.com\/de\/de-menu\/"]}]},{"@type":"ImageObject","inLanguage":"en-US","@id":"https:\/\/cafebar76.com\/de\/de-menu\/#primaryimage","url":"https:\/\/cafebar76.com\/wp-content\/uploads\/2026\/03\/Breakfast.png","contentUrl":"https:\/\/cafebar76.com\/wp-content\/uploads\/2026\/03\/Breakfast.png"},{"@type":"BreadcrumbList","@id":"https:\/\/cafebar76.com\/de\/de-menu\/#breadcrumb","itemListElement":[{"@type":"ListItem","position":1,"name":"Home","item":"https:\/\/cafebar76.com\/de\/"},{"@type":"ListItem","position":2,"name":"Menu"}]},{"@type":"WebSite","@id":"https:\/\/cafebar76.com\/de\/#website","url":"https:\/\/cafebar76.com\/de\/","name":"Cafe & Bar 76","description":"ESt. 2014","publisher":{"@id":"https:\/\/cafebar76.com\/de\/#organization"},"potentialAction":[{"@type":"SearchAction","target":{"@type":"EntryPoint","urlTemplate":"https:\/\/cafebar76.com\/de\/?s={search_term_string}"},"query-input":{"@type":"PropertyValueSpecification","valueRequired":true,"valueName":"search_term_string"}}],"inLanguage":"en-US"},{"@type":"Organization","@id":"https:\/\/cafebar76.com\/de\/#organization","name":"Cafe & Bar 76","url":"https:\/\/cafebar76.com\/de\/","logo":{"@type":"ImageObject","inLanguage":"en-US","@id":"https:\/\/cafebar76.com\/de\/#\/schema\/logo\/image\/","url":"https:\/\/cafebar76.com\/wp-content\/uploads\/2026\/03\/cropped-logo.png","contentUrl":"https:\/\/cafebar76.com\/wp-content\/uploads\/2026\/03\/cropped-logo.png","width":512,"height":512,"caption":"Cafe & Bar 76"},"image":{"@id":"https:\/\/cafebar76.com\/de\/#\/schema\/logo\/image\/"},"sameAs":["https:\/\/www.instagram.com\/cafe_bar_seventysix\/"]}]}},"_links":{"self":[{"href":"https:\/\/cafebar76.com\/de\/wp-json\/wp\/v2\/pages\/359","targetHints":{"allow":["GET"]}}],"collection":[{"href":"https:\/\/cafebar76.com\/de\/wp-json\/wp\/v2\/pages"}],"about":[{"href":"https:\/\/cafebar76.com\/de\/wp-json\/wp\/v2\/types\/page"}],"author":[{"embeddable":true,"href":"https:\/\/cafebar76.com\/de\/wp-json\/wp\/v2\/users\/1"}],"replies":[{"embeddable":true,"href":"https:\/\/cafebar76.com\/de\/wp-json\/wp\/v2\/comments?post=359"}],"version-history":[{"count":69,"href":"https:\/\/cafebar76.com\/de\/wp-json\/wp\/v2\/pages\/359\/revisions"}],"predecessor-version":[{"id":1402,"href":"https:\/\/cafebar76.com\/de\/wp-json\/wp\/v2\/pages\/359\/revisions\/1402"}],"wp:attachment":[{"href":"https:\/\/cafebar76.com\/de\/wp-json\/wp\/v2\/media?parent=359"}],"curies":[{"name":"wp","href":"https:\/\/api.w.org\/{rel}","templated":true}]}}