{"id":1094,"date":"2026-03-13T14:08:59","date_gmt":"2026-03-13T13:08:59","guid":{"rendered":"https:\/\/cafebar76.com\/?page_id=1094"},"modified":"2026-04-16T17:55:07","modified_gmt":"2026-04-16T16:55:07","slug":"imprint","status":"publish","type":"page","link":"https:\/\/cafebar76.com\/de\/imprint\/","title":{"rendered":"Imprint"},"content":{"rendered":"\t\t<div data-elementor-type=\"wp-page\" data-elementor-id=\"1094\" class=\"elementor elementor-1094\">\n\t\t\t\t<div class=\"elementor-element elementor-element-1e6b84c e-flex e-con-boxed e-con e-parent\" data-id=\"1e6b84c\" data-element_type=\"container\" data-e-type=\"container\">\n\t\t\t\t\t<div class=\"e-con-inner\">\n\t\t\t\t<div class=\"elementor-element elementor-element-919bd5c elementor-widget elementor-widget-text-editor\" data-id=\"919bd5c\" data-element_type=\"widget\" data-e-type=\"widget\" data-widget_type=\"text-editor.default\">\n\t\t\t\t\t\t\t\t\t<h1 data-section-id=\"1rd71lx\" data-start=\"175\" data-end=\"205\"><strong data-start=\"177\" data-end=\"203\">Imprint \/ Legal Notice<\/strong><\/h1>\n<p data-start=\"207\" data-end=\"280\"><strong data-start=\"207\" data-end=\"224\">Cafe &amp; Bar 76<\/strong><br data-start=\"224\" data-end=\"227\">Longericher Hauptstra\u00dfe 76<br data-start=\"253\" data-end=\"256\">50739 Cologne, Germany<\/p>\n<p data-start=\"282\" data-end=\"309\"><strong data-start=\"282\" data-end=\"292\">Owner:<\/strong><br data-start=\"292\" data-end=\"295\">Ozan Koc<\/p>\n<p data-start=\"311\" data-end=\"438\"><strong data-start=\"311\" data-end=\"323\">Contact:<\/strong><br data-start=\"323\" data-end=\"326\">Phone: +49 173 776 34 75<br data-start=\"350\" data-end=\"353\">Email: <a class=\"decorated-link cursor-pointer\" rel=\"noopener\" data-start=\"360\" data-end=\"378\">info@cafebar76.com<\/a><br data-start=\"378\" data-end=\"381\">Website: <a class=\"decorated-link\" href=\"https:\/\/cafebar76.com?utm_source=chatgpt.com\" target=\"_new\" rel=\"noopener\" data-start=\"390\" data-end=\"436\">https:\/\/cafebar76.com<\/a><\/p>\n<p data-start=\"440\" data-end=\"486\"><strong data-start=\"440\" data-end=\"470\">VAT Identification Number:<\/strong><br data-start=\"470\" data-end=\"473\">DE453502434<\/p>\n<p data-start=\"488\" data-end=\"584\"><strong data-start=\"488\" data-end=\"517\">Concept &amp; Implementation:<\/strong><br data-start=\"517\" data-end=\"520\">Cafe &amp; Bar 76 | <a class=\"decorated-link\" href=\"https:\/\/cafebar76.com?utm_source=chatgpt.com\" target=\"_new\" rel=\"noopener\" data-start=\"536\" data-end=\"582\">https:\/\/cafebar76.com<\/a><\/p>\t\t\t\t\t\t\t\t<\/div>\n\t\t\t\t\t<\/div>\n\t\t\t\t<\/div>\n\t\t\t\t<\/div>\n\t\t","protected":false},"excerpt":{"rendered":"<p>Imprint \/ Legal Notice Cafe &amp; Bar 76Longericher Hauptstra\u00dfe 7650739 Cologne, Germany Owner:Ozan Koc Contact:Phone: +49 173 776 34 75Email: info@cafebar76.comWebsite: https:\/\/cafebar76.com VAT Identification Number:DE453502434 Concept &amp; Implementation:Cafe &amp; Bar 76 | https:\/\/cafebar76.com<\/p>\n","protected":false},"author":1,"featured_media":0,"parent":0,"menu_order":0,"comment_status":"closed","ping_status":"closed","template":"","meta":{"footnotes":""},"class_list":["post-1094","page","type-page","status-publish","hentry"],"blocksy_meta":[],"yoast_head":"<!-- This site is optimized with the Yoast SEO plugin v27.4 - https:\/\/yoast.com\/product\/yoast-seo-wordpress\/ -->\n<title>Impressum \u2013 Caf\u00e9 &amp; Bar 76 K\u00f6ln | Rechtliche Angaben<\/title>\n<meta name=\"description\" content=\"Caf\u00e9 &amp; Bar 76 in K\u00f6ln \u2013 gesetzliche Angaben zum Betreiber, Kontaktinformationen und Verantwortlichkeiten gem\u00e4\u00df deutschen Vorschriften.\" \/>\n<meta name=\"robots\" content=\"index, follow, max-snippet:-1, max-image-preview:large, max-video-preview:-1\" \/>\n<link rel=\"canonical\" href=\"https:\/\/cafebar76.com\/de\/imprint\/\" \/>\n<meta property=\"og:locale\" content=\"en_US\" \/>\n<meta property=\"og:type\" content=\"article\" \/>\n<meta property=\"og:title\" content=\"Impressum \u2013 Caf\u00e9 &amp; Bar 76 K\u00f6ln | Rechtliche Angaben\" \/>\n<meta property=\"og:description\" content=\"Caf\u00e9 &amp; Bar 76 in K\u00f6ln \u2013 gesetzliche Angaben zum Betreiber, Kontaktinformationen und Verantwortlichkeiten gem\u00e4\u00df deutschen Vorschriften.\" \/>\n<meta property=\"og:url\" content=\"https:\/\/cafebar76.com\/de\/imprint\/\" \/>\n<meta property=\"og:site_name\" content=\"Cafe &amp; Bar 76\" \/>\n<meta property=\"article:modified_time\" content=\"2026-04-16T16:55:07+00:00\" \/>\n<meta property=\"og:image\" content=\"https:\/\/cafebar76.com\/wp-content\/uploads\/2026\/03\/cropped-logo.png\" \/>\n\t<meta property=\"og:image:width\" content=\"512\" \/>\n\t<meta property=\"og:image:height\" content=\"512\" \/>\n\t<meta property=\"og:image:type\" content=\"image\/png\" \/>\n<meta name=\"twitter:card\" content=\"summary_large_image\" \/>\n<meta name=\"twitter:label1\" content=\"Est. reading time\" \/>\n\t<meta name=\"twitter:data1\" content=\"1 minute\" \/>\n<script type=\"application\/ld+json\" class=\"yoast-schema-graph\">{\"@context\":\"https:\\\/\\\/schema.org\",\"@graph\":[{\"@type\":\"WebPage\",\"@id\":\"https:\\\/\\\/cafebar76.com\\\/de\\\/imprint\\\/\",\"url\":\"https:\\\/\\\/cafebar76.com\\\/de\\\/imprint\\\/\",\"name\":\"Impressum \u2013 Caf\u00e9 & Bar 76 K\u00f6ln | Rechtliche Angaben\",\"isPartOf\":{\"@id\":\"https:\\\/\\\/cafebar76.com\\\/de\\\/#website\"},\"datePublished\":\"2026-03-13T13:08:59+00:00\",\"dateModified\":\"2026-04-16T16:55:07+00:00\",\"description\":\"Caf\u00e9 & Bar 76 in K\u00f6ln \u2013 gesetzliche Angaben zum Betreiber, Kontaktinformationen und Verantwortlichkeiten gem\u00e4\u00df deutschen Vorschriften.\",\"breadcrumb\":{\"@id\":\"https:\\\/\\\/cafebar76.com\\\/de\\\/imprint\\\/#breadcrumb\"},\"inLanguage\":\"en-US\",\"potentialAction\":[{\"@type\":\"ReadAction\",\"target\":[\"https:\\\/\\\/cafebar76.com\\\/de\\\/imprint\\\/\"]}]},{\"@type\":\"BreadcrumbList\",\"@id\":\"https:\\\/\\\/cafebar76.com\\\/de\\\/imprint\\\/#breadcrumb\",\"itemListElement\":[{\"@type\":\"ListItem\",\"position\":1,\"name\":\"Home\",\"item\":\"https:\\\/\\\/cafebar76.com\\\/de\\\/\"},{\"@type\":\"ListItem\",\"position\":2,\"name\":\"Imprint\"}]},{\"@type\":\"WebSite\",\"@id\":\"https:\\\/\\\/cafebar76.com\\\/de\\\/#website\",\"url\":\"https:\\\/\\\/cafebar76.com\\\/de\\\/\",\"name\":\"Cafe & Bar 76\",\"description\":\"ESt. 2014\",\"publisher\":{\"@id\":\"https:\\\/\\\/cafebar76.com\\\/de\\\/#organization\"},\"potentialAction\":[{\"@type\":\"SearchAction\",\"target\":{\"@type\":\"EntryPoint\",\"urlTemplate\":\"https:\\\/\\\/cafebar76.com\\\/de\\\/?s={search_term_string}\"},\"query-input\":{\"@type\":\"PropertyValueSpecification\",\"valueRequired\":true,\"valueName\":\"search_term_string\"}}],\"inLanguage\":\"en-US\"},{\"@type\":\"Organization\",\"@id\":\"https:\\\/\\\/cafebar76.com\\\/de\\\/#organization\",\"name\":\"Cafe & Bar 76\",\"url\":\"https:\\\/\\\/cafebar76.com\\\/de\\\/\",\"logo\":{\"@type\":\"ImageObject\",\"inLanguage\":\"en-US\",\"@id\":\"https:\\\/\\\/cafebar76.com\\\/de\\\/#\\\/schema\\\/logo\\\/image\\\/\",\"url\":\"https:\\\/\\\/cafebar76.com\\\/wp-content\\\/uploads\\\/2026\\\/03\\\/cropped-logo.png\",\"contentUrl\":\"https:\\\/\\\/cafebar76.com\\\/wp-content\\\/uploads\\\/2026\\\/03\\\/cropped-logo.png\",\"width\":512,\"height\":512,\"caption\":\"Cafe & Bar 76\"},\"image\":{\"@id\":\"https:\\\/\\\/cafebar76.com\\\/de\\\/#\\\/schema\\\/logo\\\/image\\\/\"},\"sameAs\":[\"https:\\\/\\\/www.instagram.com\\\/cafe_bar_seventysix\\\/\"]}]}<\/script>\n<!-- \/ Yoast SEO plugin. -->","yoast_head_json":{"title":"Impressum \u2013 Caf\u00e9 & Bar 76 K\u00f6ln | Rechtliche Angaben","description":"Caf\u00e9 & Bar 76 in K\u00f6ln \u2013 gesetzliche Angaben zum Betreiber, Kontaktinformationen und Verantwortlichkeiten gem\u00e4\u00df deutschen Vorschriften.","robots":{"index":"index","follow":"follow","max-snippet":"max-snippet:-1","max-image-preview":"max-image-preview:large","max-video-preview":"max-video-preview:-1"},"canonical":"https:\/\/cafebar76.com\/de\/imprint\/","og_locale":"en_US","og_type":"article","og_title":"Impressum \u2013 Caf\u00e9 & Bar 76 K\u00f6ln | Rechtliche Angaben","og_description":"Caf\u00e9 & Bar 76 in K\u00f6ln \u2013 gesetzliche Angaben zum Betreiber, Kontaktinformationen und Verantwortlichkeiten gem\u00e4\u00df deutschen Vorschriften.","og_url":"https:\/\/cafebar76.com\/de\/imprint\/","og_site_name":"Cafe &amp; Bar 76","article_modified_time":"2026-04-16T16:55:07+00:00","og_image":[{"width":512,"height":512,"url":"https:\/\/cafebar76.com\/wp-content\/uploads\/2026\/03\/cropped-logo.png","type":"image\/png"}],"twitter_card":"summary_large_image","twitter_misc":{"Est. reading time":"1 minute"},"schema":{"@context":"https:\/\/schema.org","@graph":[{"@type":"WebPage","@id":"https:\/\/cafebar76.com\/de\/imprint\/","url":"https:\/\/cafebar76.com\/de\/imprint\/","name":"Impressum \u2013 Caf\u00e9 & Bar 76 K\u00f6ln | Rechtliche Angaben","isPartOf":{"@id":"https:\/\/cafebar76.com\/de\/#website"},"datePublished":"2026-03-13T13:08:59+00:00","dateModified":"2026-04-16T16:55:07+00:00","description":"Caf\u00e9 & Bar 76 in K\u00f6ln \u2013 gesetzliche Angaben zum Betreiber, Kontaktinformationen und Verantwortlichkeiten gem\u00e4\u00df deutschen Vorschriften.","breadcrumb":{"@id":"https:\/\/cafebar76.com\/de\/imprint\/#breadcrumb"},"inLanguage":"en-US","potentialAction":[{"@type":"ReadAction","target":["https:\/\/cafebar76.com\/de\/imprint\/"]}]},{"@type":"BreadcrumbList","@id":"https:\/\/cafebar76.com\/de\/imprint\/#breadcrumb","itemListElement":[{"@type":"ListItem","position":1,"name":"Home","item":"https:\/\/cafebar76.com\/de\/"},{"@type":"ListItem","position":2,"name":"Imprint"}]},{"@type":"WebSite","@id":"https:\/\/cafebar76.com\/de\/#website","url":"https:\/\/cafebar76.com\/de\/","name":"Cafe & Bar 76","description":"ESt. 2014","publisher":{"@id":"https:\/\/cafebar76.com\/de\/#organization"},"potentialAction":[{"@type":"SearchAction","target":{"@type":"EntryPoint","urlTemplate":"https:\/\/cafebar76.com\/de\/?s={search_term_string}"},"query-input":{"@type":"PropertyValueSpecification","valueRequired":true,"valueName":"search_term_string"}}],"inLanguage":"en-US"},{"@type":"Organization","@id":"https:\/\/cafebar76.com\/de\/#organization","name":"Cafe & Bar 76","url":"https:\/\/cafebar76.com\/de\/","logo":{"@type":"ImageObject","inLanguage":"en-US","@id":"https:\/\/cafebar76.com\/de\/#\/schema\/logo\/image\/","url":"https:\/\/cafebar76.com\/wp-content\/uploads\/2026\/03\/cropped-logo.png","contentUrl":"https:\/\/cafebar76.com\/wp-content\/uploads\/2026\/03\/cropped-logo.png","width":512,"height":512,"caption":"Cafe & Bar 76"},"image":{"@id":"https:\/\/cafebar76.com\/de\/#\/schema\/logo\/image\/"},"sameAs":["https:\/\/www.instagram.com\/cafe_bar_seventysix\/"]}]}},"_links":{"self":[{"href":"https:\/\/cafebar76.com\/de\/wp-json\/wp\/v2\/pages\/1094","targetHints":{"allow":["GET"]}}],"collection":[{"href":"https:\/\/cafebar76.com\/de\/wp-json\/wp\/v2\/pages"}],"about":[{"href":"https:\/\/cafebar76.com\/de\/wp-json\/wp\/v2\/types\/page"}],"author":[{"embeddable":true,"href":"https:\/\/cafebar76.com\/de\/wp-json\/wp\/v2\/users\/1"}],"replies":[{"embeddable":true,"href":"https:\/\/cafebar76.com\/de\/wp-json\/wp\/v2\/comments?post=1094"}],"version-history":[{"count":4,"href":"https:\/\/cafebar76.com\/de\/wp-json\/wp\/v2\/pages\/1094\/revisions"}],"predecessor-version":[{"id":1098,"href":"https:\/\/cafebar76.com\/de\/wp-json\/wp\/v2\/pages\/1094\/revisions\/1098"}],"wp:attachment":[{"href":"https:\/\/cafebar76.com\/de\/wp-json\/wp\/v2\/media?parent=1094"}],"curies":[{"name":"wp","href":"https:\/\/api.w.org\/{rel}","templated":true}]}}